{"id":1642,"date":"2022-08-12T14:39:34","date_gmt":"2022-08-12T14:39:34","guid":{"rendered":"https:\/\/malhadaemcasa.com.br\/?page_id=75"},"modified":"2025-08-31T15:06:24","modified_gmt":"2025-08-31T18:06:24","slug":"sobre","status":"publish","type":"page","link":"https:\/\/avancandonamusica.com.br\/loja\/sobre\/","title":{"rendered":"Sobre"},"content":{"rendered":"\t\t<div data-elementor-type=\"wp-page\" data-elementor-id=\"1642\" class=\"elementor elementor-1642\">\n\t\t\t\t\t\t<section class=\"elementor-section elementor-top-section elementor-element elementor-element-9fab2b8 elementor-section-stretched elementor-section-boxed elementor-section-height-default elementor-section-height-default\" data-id=\"9fab2b8\" data-element_type=\"section\" data-e-type=\"section\" data-settings=\"{&quot;stretch_section&quot;:&quot;section-stretched&quot;,&quot;background_background&quot;:&quot;classic&quot;}\">\n\t\t\t\t\t\t<div class=\"elementor-container elementor-column-gap-wider\">\n\t\t\t\t\t<div class=\"elementor-column elementor-col-100 elementor-top-column elementor-element elementor-element-f761215\" data-id=\"f761215\" data-element_type=\"column\" data-e-type=\"column\">\n\t\t\t<div class=\"elementor-widget-wrap elementor-element-populated\">\n\t\t\t\t\t\t<section class=\"elementor-section elementor-inner-section elementor-element elementor-element-701923c elementor-section-content-middle elementor-reverse-mobile elementor-section-boxed elementor-section-height-default elementor-section-height-default\" data-id=\"701923c\" data-element_type=\"section\" data-e-type=\"section\">\n\t\t\t\t\t\t<div class=\"elementor-container elementor-column-gap-default\">\n\t\t\t\t\t<div class=\"elementor-column elementor-col-50 elementor-inner-column elementor-element elementor-element-223a491\" data-id=\"223a491\" data-element_type=\"column\" data-e-type=\"column\">\n\t\t\t<div class=\"elementor-widget-wrap elementor-element-populated\">\n\t\t\t\t\t\t<div class=\"elementor-element elementor-element-dd2fe73 elementor-widget elementor-widget-heading\" data-id=\"dd2fe73\" data-element_type=\"widget\" data-e-type=\"widget\" data-widget_type=\"heading.default\">\n\t\t\t\t\t<h1 class=\"elementor-heading-title elementor-size-default\">Sobre N\u00f3s \u2013 Avan\u00e7ando na M\u00fasica Shop<\/h1>\t\t\t\t<\/div>\n\t\t\t\t<div class=\"elementor-element elementor-element-07737e6 elementor-widget elementor-widget-text-editor\" data-id=\"07737e6\" data-element_type=\"widget\" data-e-type=\"widget\" data-widget_type=\"text-editor.default\">\n\t\t\t\t\t\t\t\t\t<p data-start=\"333\" data-end=\"685\">O <strong data-start=\"335\" data-end=\"358\">Avan\u00e7ando na M\u00fasica<\/strong> nasceu como um projeto dedicado a inspirar e apoiar quem deseja aprender a tocar um instrumento ou aprofundar seus conhecimentos musicais. Nossa miss\u00e3o sempre foi tornar o aprendizado musical mais acess\u00edvel, pr\u00e1tico e motivador, ajudando milhares de pessoas a darem seus primeiros passos ou avan\u00e7arem em sua jornada musical.<\/p><p data-start=\"687\" data-end=\"1024\">Com o tempo, percebemos que al\u00e9m de informa\u00e7\u00e3o e motiva\u00e7\u00e3o, os m\u00fasicos tamb\u00e9m precisam de <strong data-start=\"777\" data-end=\"796\">bons acess\u00f3rios<\/strong> para acompanhar seus estudos e apresenta\u00e7\u00f5es. Foi assim que nasceu a <strong data-start=\"866\" data-end=\"894\">Loja Avan\u00e7ando na M\u00fasica<\/strong>: um espa\u00e7o pensado para oferecer produtos de qualidade, selecionados com carinho, que facilitam o dia a dia de quem ama m\u00fasica.<\/p><p data-start=\"1026\" data-end=\"1334\">Aqui voc\u00ea encontra desde itens b\u00e1sicos, que todo m\u00fasico iniciante precisa, at\u00e9 acess\u00f3rios que elevam a experi\u00eancia de tocar e estudar. Mais do que vender, queremos fazer parte da sua evolu\u00e7\u00e3o musical, ajudando voc\u00ea a ter ao lado as ferramentas certas para seguir crescendo e nunca desistir dos seus sonhos.<\/p>\t\t\t\t\t\t\t\t<\/div>\n\t\t\t\t<div class=\"elementor-element elementor-element-ba80996 elementor-widget elementor-widget-button\" data-id=\"ba80996\" data-element_type=\"widget\" data-e-type=\"widget\" data-widget_type=\"button.default\">\n\t\t\t\t\t\t\t\t\t\t<a class=\"elementor-button elementor-button-link elementor-size-sm\" href=\"https:\/\/avancandonamusica.com.br\/loja\/shop\">\n\t\t\t\t\t\t<span class=\"elementor-button-content-wrapper\">\n\t\t\t\t\t\t<span class=\"elementor-button-icon\">\n\t\t\t\t<svg aria-hidden=\"true\" class=\"e-font-icon-svg e-fas-angle-down\" viewBox=\"0 0 320 512\" xmlns=\"http:\/\/www.w3.org\/2000\/svg\"><path d=\"M143 352.3L7 216.3c-9.4-9.4-9.4-24.6 0-33.9l22.6-22.6c9.4-9.4 24.6-9.4 33.9 0l96.4 96.4 96.4-96.4c9.4-9.4 24.6-9.4 33.9 0l22.6 22.6c9.4 9.4 9.4 24.6 0 33.9l-136 136c-9.2 9.4-24.4 9.4-33.8 0z\"><\/path><\/svg>\t\t\t<\/span>\n\t\t\t\t\t\t\t\t\t<span class=\"elementor-button-text\">Ver produtos<\/span>\n\t\t\t\t\t<\/span>\n\t\t\t\t\t<\/a>\n\t\t\t\t\t\t\t\t<\/div>\n\t\t\t\t\t<\/div>\n\t\t<\/div>\n\t\t\t\t<div class=\"elementor-column elementor-col-50 elementor-inner-column elementor-element elementor-element-edc42f4\" data-id=\"edc42f4\" data-element_type=\"column\" data-e-type=\"column\">\n\t\t\t<div class=\"elementor-widget-wrap elementor-element-populated\">\n\t\t\t\t\t\t<div class=\"elementor-element elementor-element-df86f29 elementor-widget elementor-widget-image\" data-id=\"df86f29\" data-element_type=\"widget\" data-e-type=\"widget\" data-widget_type=\"image.default\">\n\t\t\t\t\t\t\t\t\t\t\t\t\t\t\t<img fetchpriority=\"high\" decoding=\"async\" width=\"500\" height=\"500\" src=\"https:\/\/avancandonamusica.com.br\/loja\/wp-content\/uploads\/2025\/08\/Acessorios-e-equipamentos-para-Pilates-em-Casa-e-em-Estudio.jpg\" class=\"attachment-large size-large wp-image-2185\" alt=\"Acess\u00f3rios e equipamentos para Pilates em Casa e em Est\u00fadio\" srcset=\"https:\/\/avancandonamusica.com.br\/loja\/wp-content\/uploads\/2025\/08\/Acessorios-e-equipamentos-para-Pilates-em-Casa-e-em-Estudio.jpg 500w, https:\/\/avancandonamusica.com.br\/loja\/wp-content\/uploads\/2025\/08\/Acessorios-e-equipamentos-para-Pilates-em-Casa-e-em-Estudio-300x300.jpg 300w, https:\/\/avancandonamusica.com.br\/loja\/wp-content\/uploads\/2025\/08\/Acessorios-e-equipamentos-para-Pilates-em-Casa-e-em-Estudio-150x150.jpg 150w, https:\/\/avancandonamusica.com.br\/loja\/wp-content\/uploads\/2025\/08\/Acessorios-e-equipamentos-para-Pilates-em-Casa-e-em-Estudio-75x75.jpg 75w, https:\/\/avancandonamusica.com.br\/loja\/wp-content\/uploads\/2025\/08\/Acessorios-e-equipamentos-para-Pilates-em-Casa-e-em-Estudio-480x480.jpg 480w\" sizes=\"(max-width:767px) 480px, 500px\" title=\"\">\t\t\t\t\t\t\t\t\t\t\t\t\t\t\t<\/div>\n\t\t\t\t\t<\/div>\n\t\t<\/div>\n\t\t\t\t\t<\/div>\n\t\t<\/section>\n\t\t\t\t\t<\/div>\n\t\t<\/div>\n\t\t\t\t\t<\/div>\n\t\t<\/section>\n\t\t\t\t<section class=\"elementor-section elementor-top-section elementor-element elementor-element-b844f74 elementor-section-stretched elementor-section-boxed elementor-section-height-default elementor-section-height-default\" data-id=\"b844f74\" data-element_type=\"section\" data-e-type=\"section\" data-settings=\"{&quot;stretch_section&quot;:&quot;section-stretched&quot;}\">\n\t\t\t\t\t\t<div class=\"elementor-container elementor-column-gap-wider\">\n\t\t\t\t\t<div class=\"elementor-column elementor-col-100 elementor-top-column elementor-element elementor-element-5f1b1e9\" data-id=\"5f1b1e9\" data-element_type=\"column\" data-e-type=\"column\">\n\t\t\t<div class=\"elementor-widget-wrap elementor-element-populated\">\n\t\t\t\t\t\t<section class=\"elementor-section elementor-inner-section elementor-element elementor-element-41df5f5 elementor-section-boxed elementor-section-height-default elementor-section-height-default\" data-id=\"41df5f5\" data-element_type=\"section\" data-e-type=\"section\">\n\t\t\t\t\t\t<div class=\"elementor-container elementor-column-gap-default\">\n\t\t\t\t\t<div class=\"elementor-column elementor-col-33 elementor-inner-column elementor-element elementor-element-1043400\" data-id=\"1043400\" data-element_type=\"column\" data-e-type=\"column\">\n\t\t\t<div class=\"elementor-widget-wrap\">\n\t\t\t\t\t\t\t<\/div>\n\t\t<\/div>\n\t\t\t\t<div class=\"elementor-column elementor-col-33 elementor-inner-column elementor-element elementor-element-5dcc7a6\" data-id=\"5dcc7a6\" data-element_type=\"column\" data-e-type=\"column\">\n\t\t\t<div class=\"elementor-widget-wrap elementor-element-populated\">\n\t\t\t\t\t\t<div class=\"elementor-element elementor-element-fff78bc elementor-widget elementor-widget-heading\" data-id=\"fff78bc\" data-element_type=\"widget\" data-e-type=\"widget\" data-widget_type=\"heading.default\">\n\t\t\t\t\t<h2 class=\"elementor-heading-title elementor-size-default\">O que nos diferencia?<\/h2>\t\t\t\t<\/div>\n\t\t\t\t\t<\/div>\n\t\t<\/div>\n\t\t\t\t<div class=\"elementor-column elementor-col-33 elementor-inner-column elementor-element elementor-element-9332ee4\" data-id=\"9332ee4\" data-element_type=\"column\" data-e-type=\"column\">\n\t\t\t<div class=\"elementor-widget-wrap\">\n\t\t\t\t\t\t\t<\/div>\n\t\t<\/div>\n\t\t\t\t\t<\/div>\n\t\t<\/section>\n\t\t\t\t<section class=\"elementor-section elementor-inner-section elementor-element elementor-element-1a57bf0 elementor-section-boxed elementor-section-height-default elementor-section-height-default\" data-id=\"1a57bf0\" data-element_type=\"section\" data-e-type=\"section\">\n\t\t\t\t\t\t<div class=\"elementor-container elementor-column-gap-default\">\n\t\t\t\t\t<div class=\"elementor-column elementor-col-100 elementor-inner-column elementor-element elementor-element-39211bf\" data-id=\"39211bf\" data-element_type=\"column\" data-e-type=\"column\">\n\t\t\t<div class=\"elementor-widget-wrap elementor-element-populated\">\n\t\t\t\t\t\t<div class=\"elementor-element elementor-element-43f45a6 elementor-widget__width-initial elementor-widget elementor-widget-text-editor\" data-id=\"43f45a6\" data-element_type=\"widget\" data-e-type=\"widget\" data-widget_type=\"text-editor.default\">\n\t\t\t\t\t\t\t\t\t<p data-start=\"1336\" data-end=\"1546\">\ud83c\udfb5 <strong data-start=\"1339\" data-end=\"1358\">Nossa promessa:<\/strong> oferecer produtos acess\u00edveis, confi\u00e1veis e \u00fateis, sempre com o mesmo prop\u00f3sito que guia o nosso blog: <strong data-start=\"1461\" data-end=\"1544\">fazer a m\u00fasica ser parte da sua vida de forma simples, prazerosa e inspiradora.<\/strong><\/p><p data-start=\"1548\" data-end=\"1674\">Seja muito bem-vindo \u00e0 nossa comunidade! Continue aprendendo, crescendo e se apaixonando ainda mais pela m\u00fasica com a gente.<\/p>\t\t\t\t\t\t\t\t<\/div>\n\t\t\t\t\t<\/div>\n\t\t<\/div>\n\t\t\t\t\t<\/div>\n\t\t<\/section>\n\t\t\t\t<section class=\"elementor-section elementor-inner-section elementor-element elementor-element-eefd869 elementor-section-boxed elementor-section-height-default elementor-section-height-default\" data-id=\"eefd869\" data-element_type=\"section\" data-e-type=\"section\">\n\t\t\t\t\t\t<div class=\"elementor-container elementor-column-gap-default\">\n\t\t\t\t\t<div class=\"elementor-column elementor-col-33 elementor-inner-column elementor-element elementor-element-0c10a6f\" data-id=\"0c10a6f\" data-element_type=\"column\" data-e-type=\"column\">\n\t\t\t<div class=\"elementor-widget-wrap elementor-element-populated\">\n\t\t\t\t\t\t<div class=\"elementor-element elementor-element-5694111 elementor-position-top elementor-widget elementor-widget-image-box\" data-id=\"5694111\" data-element_type=\"widget\" data-e-type=\"widget\" data-widget_type=\"image-box.default\">\n\t\t\t\t\t<div class=\"elementor-image-box-wrapper\"><figure class=\"elementor-image-box-img\"><img decoding=\"async\" src=\"https:\/\/avancandonamusica.com.br\/loja\/wp-content\/uploads\/2022\/08\/bethemestore2-about-pic3.svg\" title=\"\" alt=\"\" loading=\"lazy\"><\/figure><div class=\"elementor-image-box-content\"><h4 class=\"elementor-image-box-title\">Estoque pr\u00f3prio<\/h4><p class=\"elementor-image-box-description\">Tudo que est\u00e1 dispon\u00edvel no site, est\u00e1 realmente dispon\u00edvel para envio imediato.<\/p><\/div><\/div>\t\t\t\t<\/div>\n\t\t\t\t\t<\/div>\n\t\t<\/div>\n\t\t\t\t<div class=\"elementor-column elementor-col-33 elementor-inner-column elementor-element elementor-element-a0f53f1\" data-id=\"a0f53f1\" data-element_type=\"column\" data-e-type=\"column\">\n\t\t\t<div class=\"elementor-widget-wrap elementor-element-populated\">\n\t\t\t\t\t\t<div class=\"elementor-element elementor-element-bccec2b elementor-position-top elementor-widget elementor-widget-image-box\" data-id=\"bccec2b\" data-element_type=\"widget\" data-e-type=\"widget\" data-widget_type=\"image-box.default\">\n\t\t\t\t\t<div class=\"elementor-image-box-wrapper\"><figure class=\"elementor-image-box-img\"><img decoding=\"async\" src=\"https:\/\/avancandonamusica.com.br\/loja\/wp-content\/uploads\/2022\/08\/bethemestore2-about-pic2.svg\" title=\"\" alt=\"\" loading=\"lazy\"><\/figure><div class=\"elementor-image-box-content\"><h4 class=\"elementor-image-box-title\">Pagamento seguro<\/h4><p class=\"elementor-image-box-description\">Pix, cart\u00e3o ou boleto via Mercado Pago, 100% seguro.<\/p><\/div><\/div>\t\t\t\t<\/div>\n\t\t\t\t\t<\/div>\n\t\t<\/div>\n\t\t\t\t<div class=\"elementor-column elementor-col-33 elementor-inner-column elementor-element elementor-element-8b81234\" data-id=\"8b81234\" data-element_type=\"column\" data-e-type=\"column\">\n\t\t\t<div class=\"elementor-widget-wrap elementor-element-populated\">\n\t\t\t\t\t\t<div class=\"elementor-element elementor-element-70c4c78 elementor-position-top elementor-widget elementor-widget-image-box\" data-id=\"70c4c78\" data-element_type=\"widget\" data-e-type=\"widget\" data-widget_type=\"image-box.default\">\n\t\t\t\t\t<div class=\"elementor-image-box-wrapper\"><figure class=\"elementor-image-box-img\"><img decoding=\"async\" src=\"https:\/\/avancandonamusica.com.br\/loja\/wp-content\/uploads\/2022\/08\/bethemestore2-about-pic4.svg\" title=\"\" alt=\"\" loading=\"lazy\"><\/figure><div class=\"elementor-image-box-content\"><h4 class=\"elementor-image-box-title\">Entrega r\u00e1pida<\/h4><p class=\"elementor-image-box-description\">Trabalhamos com os Correios e, em breve, mais transportadoras para atender todo o Brasil.<\/p><\/div><\/div>\t\t\t\t<\/div>\n\t\t\t\t\t<\/div>\n\t\t<\/div>\n\t\t\t\t\t<\/div>\n\t\t<\/section>\n\t\t\t\t\t<\/div>\n\t\t<\/div>\n\t\t\t\t\t<\/div>\n\t\t<\/section>\n\t\t\t\t<\/div>\n\t\t","protected":false},"excerpt":{"rendered":"<p>Sobre N\u00f3s \u2013 Avan\u00e7ando na M\u00fasica Shop O Avan\u00e7ando na M\u00fasica nasceu como um projeto dedicado a inspirar e apoiar quem deseja aprender a tocar um<span class=\"excerpt-hellip\"> [\u2026]<\/span><\/p>\n","protected":false},"author":1,"featured_media":0,"parent":0,"menu_order":0,"comment_status":"closed","ping_status":"closed","template":"","meta":{"footnotes":""},"class_list":["post-1642","page","type-page","status-publish","hentry"],"_links":{"self":[{"href":"https:\/\/avancandonamusica.com.br\/loja\/wp-json\/wp\/v2\/pages\/1642","targetHints":{"allow":["GET"]}}],"collection":[{"href":"https:\/\/avancandonamusica.com.br\/loja\/wp-json\/wp\/v2\/pages"}],"about":[{"href":"https:\/\/avancandonamusica.com.br\/loja\/wp-json\/wp\/v2\/types\/page"}],"author":[{"embeddable":true,"href":"https:\/\/avancandonamusica.com.br\/loja\/wp-json\/wp\/v2\/users\/1"}],"replies":[{"embeddable":true,"href":"https:\/\/avancandonamusica.com.br\/loja\/wp-json\/wp\/v2\/comments?post=1642"}],"version-history":[{"count":15,"href":"https:\/\/avancandonamusica.com.br\/loja\/wp-json\/wp\/v2\/pages\/1642\/revisions"}],"predecessor-version":[{"id":2478,"href":"https:\/\/avancandonamusica.com.br\/loja\/wp-json\/wp\/v2\/pages\/1642\/revisions\/2478"}],"wp:attachment":[{"href":"https:\/\/avancandonamusica.com.br\/loja\/wp-json\/wp\/v2\/media?parent=1642"}],"curies":[{"name":"wp","href":"https:\/\/api.w.org\/{rel}","templated":true}]}}